{"id":6411,"date":"2021-12-06T09:37:16","date_gmt":"2021-12-06T09:37:16","guid":{"rendered":"https:\/\/www.isamigus.it\/shop\/prodotto\/sa-marchesa-1-4-di-forma-05-kg-circa\/"},"modified":"2022-03-14T15:46:29","modified_gmt":"2022-03-14T15:46:29","slug":"sa-marchesa-1-4-di-forma-05-kg-circa","status":"publish","type":"product","link":"https:\/\/www.isamigus.it\/shop\/prodotto\/sa-marchesa-1-4-di-forma-05-kg-circa\/","title":{"rendered":"FORMAGGIO PECORINO SA MARCHESA 1\/4 DI FORMA 0,5 kg circa"},"content":{"rendered":"<p>Sa Marchesa<br \/>\nPecorino da tavola<br \/>\nSa Marchesa \u00e8 un pecorino da tavola fatto di latte non pastorizzato lavorato a crudo. Non ci sono conservanti n\u00e9 additivi. Il caglio \u00e8 di vitello, si mangia fresco, magari da solo o accompagnato da fichi maturi, uva, pomodoro e il prosciutto.<\/p>\n<p>Se leggermente stagionato si sposa bene con la mostarda di frutta, con il miele, ma anche con le pere e con le noci.<\/p>\n<p>L&#8217;acqua lo esalta, cos\u00ec come il vino rosso spumeggiante e leggero.<\/p>\n","protected":false},"excerpt":{"rendered":"<p>Sa Marchesa Pecorino da tavola Sa Marchesa \u00e8 un pecorino da tavola fatto di latte non pastorizzato lavorato a crudo. Non ci sono conservanti n\u00e9 additivi. Il caglio \u00e8 di vitello, si mangia fresco, magari da solo o accompagnato da fichi maturi, uva, pomodoro e il prosciutto. Se leggermente stagionato si sposa bene con la [&hellip;]<\/p>\n","protected":false},"featured_media":7424,"comment_status":"closed","ping_status":"closed","template":"","meta":{"inline_featured_image":false},"product_cat":[472,473],"product_tag":[],"class_list":["post-6411","product","type-product","status-publish","has-post-thumbnail","hentry","product_cat-formaggi","product_cat-pecorino","pa_fornitore-caseificio-sa-marchesa"],"_links":{"self":[{"href":"https:\/\/www.isamigus.it\/shop\/wp-json\/wp\/v2\/product\/6411","targetHints":{"allow":["GET"]}}],"collection":[{"href":"https:\/\/www.isamigus.it\/shop\/wp-json\/wp\/v2\/product"}],"about":[{"href":"https:\/\/www.isamigus.it\/shop\/wp-json\/wp\/v2\/types\/product"}],"replies":[{"embeddable":true,"href":"https:\/\/www.isamigus.it\/shop\/wp-json\/wp\/v2\/comments?post=6411"}],"version-history":[{"count":0,"href":"https:\/\/www.isamigus.it\/shop\/wp-json\/wp\/v2\/product\/6411\/revisions"}],"wp:featuredmedia":[{"embeddable":true,"href":"https:\/\/www.isamigus.it\/shop\/wp-json\/wp\/v2\/media\/7424"}],"wp:attachment":[{"href":"https:\/\/www.isamigus.it\/shop\/wp-json\/wp\/v2\/media?parent=6411"}],"wp:term":[{"taxonomy":"product_cat","embeddable":true,"href":"https:\/\/www.isamigus.it\/shop\/wp-json\/wp\/v2\/product_cat?post=6411"},{"taxonomy":"product_tag","embeddable":true,"href":"https:\/\/www.isamigus.it\/shop\/wp-json\/wp\/v2\/product_tag?post=6411"}],"curies":[{"name":"wp","href":"https:\/\/api.w.org\/{rel}","templated":true}]}}