{"id":6400,"date":"2021-12-06T09:37:16","date_gmt":"2021-12-06T09:37:16","guid":{"rendered":"https:\/\/www.isamigus.it\/shop\/prodotto\/fiore-sardo-12-mesi-forma-intera-37-4kg-circa\/"},"modified":"2022-03-14T15:46:27","modified_gmt":"2022-03-14T15:46:27","slug":"fiore-sardo-12-mesi-forma-intera-37-4kg-circa","status":"publish","type":"product","link":"https:\/\/www.isamigus.it\/shop\/prodotto\/fiore-sardo-12-mesi-forma-intera-37-4kg-circa\/","title":{"rendered":"FORMAGGIO PECORINO FIORE SARDO 12 MESI FORMA INTERA 3,7-4kg circa"},"content":{"rendered":"<p>&#8220;Pecorino da tavola<br \/>\nSa Marchesa \u00e8 un pecorino da tavola fatto di latte non pastorizzato lavorato a crudo. Non ci sono conservanti n\u00e9 additivi. Il caglio \u00e8 di vitello, si mangia fresco, magari da solo o accompagnato da fichi maturi, uva, pomodoro e il prosciutto.<br \/>\nSe leggermente stagionato si sposa bene con la mostarda di frutta, con il miele, ma anche con le pere e con le noci.<br \/>\nL&#8217;acqua lo esalta, cos\u00ec come il vino rosso spumeggiante e leggero.<br \/>\n&#8220;<\/p>\n","protected":false},"excerpt":{"rendered":"<p>&#8220;Pecorino da tavola Sa Marchesa \u00e8 un pecorino da tavola fatto di latte non pastorizzato lavorato a crudo. Non ci sono conservanti n\u00e9 additivi. Il caglio \u00e8 di vitello, si mangia fresco, magari da solo o accompagnato da fichi maturi, uva, pomodoro e il prosciutto. Se leggermente stagionato si sposa bene con la mostarda di [&hellip;]<\/p>\n","protected":false},"featured_media":7096,"comment_status":"closed","ping_status":"closed","template":"","meta":{"inline_featured_image":false},"product_cat":[472,473],"product_tag":[],"class_list":["post-6400","product","type-product","status-publish","has-post-thumbnail","hentry","product_cat-formaggi","product_cat-pecorino","pa_fornitore-caseificio-sa-marchesa"],"_links":{"self":[{"href":"https:\/\/www.isamigus.it\/shop\/wp-json\/wp\/v2\/product\/6400","targetHints":{"allow":["GET"]}}],"collection":[{"href":"https:\/\/www.isamigus.it\/shop\/wp-json\/wp\/v2\/product"}],"about":[{"href":"https:\/\/www.isamigus.it\/shop\/wp-json\/wp\/v2\/types\/product"}],"replies":[{"embeddable":true,"href":"https:\/\/www.isamigus.it\/shop\/wp-json\/wp\/v2\/comments?post=6400"}],"version-history":[{"count":0,"href":"https:\/\/www.isamigus.it\/shop\/wp-json\/wp\/v2\/product\/6400\/revisions"}],"wp:featuredmedia":[{"embeddable":true,"href":"https:\/\/www.isamigus.it\/shop\/wp-json\/wp\/v2\/media\/7096"}],"wp:attachment":[{"href":"https:\/\/www.isamigus.it\/shop\/wp-json\/wp\/v2\/media?parent=6400"}],"wp:term":[{"taxonomy":"product_cat","embeddable":true,"href":"https:\/\/www.isamigus.it\/shop\/wp-json\/wp\/v2\/product_cat?post=6400"},{"taxonomy":"product_tag","embeddable":true,"href":"https:\/\/www.isamigus.it\/shop\/wp-json\/wp\/v2\/product_tag?post=6400"}],"curies":[{"name":"wp","href":"https:\/\/api.w.org\/{rel}","templated":true}]}}