{"id":6395,"date":"2021-12-06T09:37:16","date_gmt":"2021-12-06T09:37:16","guid":{"rendered":"https:\/\/www.isamigus.it\/shop\/prodotto\/fiore-sardo-24-mesi-mezza-forma-2kg-circa\/"},"modified":"2022-03-14T15:46:26","modified_gmt":"2022-03-14T15:46:26","slug":"fiore-sardo-24-mesi-mezza-forma-2kg-circa","status":"publish","type":"product","link":"https:\/\/www.isamigus.it\/shop\/prodotto\/fiore-sardo-24-mesi-mezza-forma-2kg-circa\/","title":{"rendered":"FORMAGGIO PECORINO FIORE SARDO 24 MESI MEZZA FORMA 2kg circa"},"content":{"rendered":"<p>Fiore Sardo DOP<br \/>\nPecorino a lunga stagionatura<br \/>\nIl Fiore Sardo \u00e8 uno dei trentuno formaggi italiani a denominazione di origine protetta, prodotto solo con latte di pecora di razza sarda. Il caglio \u00e8 di agnello.<\/p>\n<p>Il Fiore Sardo di Giuseppe Cugusi subisce una lavorazione particolare, infatti prima della lunga stagionatura, viene leggermente affumicato, secondo un antico metodo, e infine lavato con aceto di vino rosso e olio extra vergine di oliva.\u00c8 uno dei pochi formaggi di pecora italiani prodotto a latte crudo, questo permette di conservarne la variet\u00e0 del profumo, sei sapori e degli aromi. \u00c8 lavorato interamente a mano, e la sua forma presenta una crosta scura e dura, mentre all&#8217;interno la pasta \u00e8 friabile e di un bel color crema bronzato. Ha un gusto unico e riconoscibile, conserva mille sapori in uno, e conviene mangiarne poco alla volta perch\u00e9 ubriaca.<\/p>\n<p>Il Re dei formaggi stagionati \u00e8 umile e generoso, e si adatta a diversi abbinamenti: con il pane e l&#8217;acqua per goderne il sapore; con il vino rosso corposo nella stagione fredda; con il vino dolce, un sorso e una scheggia per stare bene; eccellente con lo champagne ghiacciato. Si accompagna con la frutta, soprattutto col cocomero e i fichi, ma anche con le arance dolci e le mele. Si sposa bene con il prosciutto e il lardo, con i pomodori freschi e sodi e le cipolle. E anche un formaggio da grattugia. Il Fiore Sardo d\u00e0 l&#8217;anima a qualsiasi tipo di pasta, alle minestre e alle zuppe, al riso condito con una punta di lardo e rosmarino. Nutre ed \u00e8 altamente digeribile, indicato nella dieta degli anziani e degli sportivi.&#8221;<\/p>\n","protected":false},"excerpt":{"rendered":"<p>Fiore Sardo DOP Pecorino a lunga stagionatura Il Fiore Sardo \u00e8 uno dei trentuno formaggi italiani a denominazione di origine protetta, prodotto solo con latte di pecora di razza sarda. Il caglio \u00e8 di agnello. Il Fiore Sardo di Giuseppe Cugusi subisce una lavorazione particolare, infatti prima della lunga stagionatura, viene leggermente affumicato, secondo un [&hellip;]<\/p>\n","protected":false},"featured_media":7098,"comment_status":"closed","ping_status":"closed","template":"","meta":{"inline_featured_image":false},"product_cat":[472,473],"product_tag":[],"class_list":["post-6395","product","type-product","status-publish","has-post-thumbnail","hentry","product_cat-formaggi","product_cat-pecorino","pa_fornitore-caseificio-sa-marchesa"],"_links":{"self":[{"href":"https:\/\/www.isamigus.it\/shop\/wp-json\/wp\/v2\/product\/6395","targetHints":{"allow":["GET"]}}],"collection":[{"href":"https:\/\/www.isamigus.it\/shop\/wp-json\/wp\/v2\/product"}],"about":[{"href":"https:\/\/www.isamigus.it\/shop\/wp-json\/wp\/v2\/types\/product"}],"replies":[{"embeddable":true,"href":"https:\/\/www.isamigus.it\/shop\/wp-json\/wp\/v2\/comments?post=6395"}],"version-history":[{"count":0,"href":"https:\/\/www.isamigus.it\/shop\/wp-json\/wp\/v2\/product\/6395\/revisions"}],"wp:featuredmedia":[{"embeddable":true,"href":"https:\/\/www.isamigus.it\/shop\/wp-json\/wp\/v2\/media\/7098"}],"wp:attachment":[{"href":"https:\/\/www.isamigus.it\/shop\/wp-json\/wp\/v2\/media?parent=6395"}],"wp:term":[{"taxonomy":"product_cat","embeddable":true,"href":"https:\/\/www.isamigus.it\/shop\/wp-json\/wp\/v2\/product_cat?post=6395"},{"taxonomy":"product_tag","embeddable":true,"href":"https:\/\/www.isamigus.it\/shop\/wp-json\/wp\/v2\/product_tag?post=6395"}],"curies":[{"name":"wp","href":"https:\/\/api.w.org\/{rel}","templated":true}]}}